{"id":51,"date":"2020-12-02T22:09:57","date_gmt":"2020-12-02T22:09:57","guid":{"rendered":"https:\/\/knit-kit.ch\/homepage-4\/"},"modified":"2024-07-17T16:20:49","modified_gmt":"2024-07-17T14:20:49","slug":"homepage-4","status":"publish","type":"page","link":"https:\/\/knit-kit.ch\/shop\/","title":{"rendered":"Home"},"content":{"rendered":"\t\t<div data-elementor-type=\"wp-page\" data-elementor-id=\"51\" class=\"elementor elementor-51\" data-elementor-post-type=\"page\">\n\t\t\t\t\t\t<section class=\"elementor-section elementor-top-section elementor-element elementor-element-1ff91cf elementor-section-boxed elementor-section-height-default elementor-section-height-default\" data-id=\"1ff91cf\" data-element_type=\"section\" data-e-type=\"section\">\n\t\t\t\t\t\t<div class=\"elementor-container elementor-column-gap-default\">\n\t\t\t\t\t<div class=\"elementor-column elementor-col-100 elementor-top-column elementor-element elementor-element-664e5ca\" data-id=\"664e5ca\" data-element_type=\"column\" data-e-type=\"column\">\n\t\t\t<div class=\"elementor-widget-wrap elementor-element-populated\">\n\t\t\t\t\t\t<div class=\"elementor-element elementor-element-0313b0f elementor-widget elementor-widget-heading\" data-id=\"0313b0f\" data-element_type=\"widget\" data-e-type=\"widget\" data-widget_type=\"heading.default\">\n\t\t\t\t<div class=\"elementor-widget-container\">\n\t\t\t\t\t<h1 class=\"elementor-heading-title elementor-size-medium\">Home \/ Willkommen bei Knit Kit 's anleitungen<\/h1>\t\t\t\t<\/div>\n\t\t\t\t<\/div>\n\t\t\t\t\t<\/div>\n\t\t<\/div>\n\t\t\t\t\t<\/div>\n\t\t<\/section>\n\t\t\t\t<section class=\"elementor-section elementor-top-section elementor-element elementor-element-394318d2 elementor-section-boxed elementor-section-height-default elementor-section-height-default\" data-id=\"394318d2\" data-element_type=\"section\" data-e-type=\"section\">\n\t\t\t\t\t\t<div class=\"elementor-container elementor-column-gap-default\">\n\t\t\t\t\t<div class=\"elementor-column elementor-col-100 elementor-top-column elementor-element elementor-element-3db2c40c\" data-id=\"3db2c40c\" data-element_type=\"column\" data-e-type=\"column\">\n\t\t\t<div class=\"elementor-widget-wrap elementor-element-populated\">\n\t\t\t\t\t\t<div class=\"elementor-element elementor-element-00d61f8 elementor-widget elementor-widget-heading\" data-id=\"00d61f8\" data-element_type=\"widget\" data-e-type=\"widget\" data-widget_type=\"heading.default\">\n\t\t\t\t<div class=\"elementor-widget-container\">\n\t\t\t\t\t<h2 class=\"elementor-heading-title elementor-size-small\"><a href=\"https:\/\/knit-kit.ch\/shop\/?post_type=product\" target=\"_blank\">Stricken \/ H\u00e4keln \/ N\u00e4hen \/ Selbermachen<\/a><\/h2>\t\t\t\t<\/div>\n\t\t\t\t<\/div>\n\t\t\t\t<div class=\"elementor-element elementor-element-2332fbf elementor-widget elementor-widget-image\" data-id=\"2332fbf\" data-element_type=\"widget\" data-e-type=\"widget\" data-widget_type=\"image.default\">\n\t\t\t\t<div class=\"elementor-widget-container\">\n\t\t\t\t\t\t\t\t\t\t\t\t\t\t\t\t<a href=\"https:\/\/knit-kit.ch\/shop\/shop\/strickanleitungen\/schwarzes-schaf\/\" target=\"_blank\">\n\t\t\t\t\t\t\t<img fetchpriority=\"high\" decoding=\"async\" width=\"800\" height=\"518\" src=\"https:\/\/knit-kit.ch\/wp-content\/uploads\/2021\/01\/KnitKit_2010-1.jpg\" class=\"attachment-large size-large wp-image-2573\" alt=\"Handarbeitsanleitungen\" title=\"\">\t\t\t\t\t\t\t\t<\/a>\n\t\t\t\t\t\t\t\t\t\t\t\t\t\t\t<\/div>\n\t\t\t\t<\/div>\n\t\t\t\t<div class=\"elementor-element elementor-element-12ae2d3 elementor-align-center elementor-widget elementor-widget-button\" data-id=\"12ae2d3\" data-element_type=\"widget\" data-e-type=\"widget\" data-widget_type=\"button.default\">\n\t\t\t\t<div class=\"elementor-widget-container\">\n\t\t\t\t\t\t\t\t\t<div class=\"elementor-button-wrapper\">\n\t\t\t\t\t<a class=\"elementor-button elementor-button-link elementor-size-sm elementor-animation-grow\" href=\"https:\/\/knit-kit.ch\/shop\/?post_type=product\" target=\"_blank\">\n\t\t\t\t\t\t<span class=\"elementor-button-content-wrapper\">\n\t\t\t\t\t\t\t\t\t<span class=\"elementor-button-text\">Hier gehts zum Shop<\/span>\n\t\t\t\t\t<\/span>\n\t\t\t\t\t<\/a>\n\t\t\t\t<\/div>\n\t\t\t\t\t\t\t\t<\/div>\n\t\t\t\t<\/div>\n\t\t\t\t<div class=\"elementor-element elementor-element-499a6aa7 elementor-widget elementor-widget-text-editor\" data-id=\"499a6aa7\" data-element_type=\"widget\" data-e-type=\"widget\" data-widget_type=\"text-editor.default\">\n\t\t\t\t<div class=\"elementor-widget-container\">\n\t\t\t\t\t\t\t\t\t<p style=\"text-align: center;\">Knit Kit wurde 2007 von Anne-Catherine L\u00fcke gegr\u00fcndet und ist ein schweizer Produkt.<\/p><p style=\"text-align: center;\">Sch\u00f6ne Strickanleitungen, H\u00e4kelanleitungen und N\u00e4hanleitungen f\u00fcr Anf\u00e4nger bis Fortgeschrittene.<\/p><p style=\"text-align: center;\">Die Anleitungen sind Schritt f\u00fcr Schritt, klar und logisch beschrieben. Ohne irgendwelche Abk\u00fcrzungen! Zus\u00e4tzlich helfen Fotos, wenn ein Schritt genau erkl\u00e4rt werden soll.<\/p><p style=\"text-align: center;\">Auch bekannt und regelm\u00e4ssig publiziert in der <a href=\"https:\/\/www.landliebe.ch\" target=\"_blank\" rel=\"noopener\">schweizer LandLiebe<\/a>.<\/p><p style=\"text-align: center;\">Die Anleitungen sind mehrfach nachgestrickt und gelingen garantiert.<\/p><p style=\"text-align: center;\">Do it yourself soll so einfach wie m\u00f6glich vermittelt werden. Eine Motivation sich an etwas Neues zu wagen.<\/p><p><!-- \/wp:divi\/placeholder --><\/p>\t\t\t\t\t\t\t\t<\/div>\n\t\t\t\t<\/div>\n\t\t\t\t<div class=\"elementor-element elementor-element-591f02f animated-slow elementor-widget elementor-widget-gallery\" data-id=\"591f02f\" data-element_type=\"widget\" data-e-type=\"widget\" data-settings=\"{&quot;columns&quot;:3,&quot;_animation&quot;:&quot;none&quot;,&quot;gallery_layout&quot;:&quot;grid&quot;,&quot;columns_tablet&quot;:2,&quot;columns_mobile&quot;:1,&quot;gap&quot;:{&quot;unit&quot;:&quot;px&quot;,&quot;size&quot;:10,&quot;sizes&quot;:[]},&quot;gap_tablet&quot;:{&quot;unit&quot;:&quot;px&quot;,&quot;size&quot;:10,&quot;sizes&quot;:[]},&quot;gap_mobile&quot;:{&quot;unit&quot;:&quot;px&quot;,&quot;size&quot;:10,&quot;sizes&quot;:[]},&quot;aspect_ratio&quot;:&quot;3:2&quot;}\" data-widget_type=\"gallery.default\">\n\t\t\t\t<div class=\"elementor-widget-container\">\n\t\t\t\t\t\t\t<div class=\"elementor-gallery__container\">\n\t\t\t\t\t\t\t<div class=\"e-gallery-item elementor-gallery-item\">\n\t\t\t\t\t<div class=\"e-gallery-image elementor-gallery-item__image\" data-thumbnail=\"https:\/\/knit-kit.ch\/wp-content\/uploads\/2022\/11\/Anne-Catherine-und-Marfa-400x273.jpg\" data-width=\"400\" data-height=\"273\" aria-label=\"Knit Kit und Marfa\" role=\"img\" ><\/div>\n\t\t\t\t\t\t\t\t\t\t\t\t\t\t<\/div>\n\t\t\t\t\t\t\t<div class=\"e-gallery-item elementor-gallery-item\">\n\t\t\t\t\t<div class=\"e-gallery-image elementor-gallery-item__image\" data-thumbnail=\"https:\/\/knit-kit.ch\/wp-content\/uploads\/2022\/11\/Stricken-am-Meer-400x300.jpeg\" data-width=\"400\" data-height=\"300\" aria-label=\"Stricken am Meer\" role=\"img\" ><\/div>\n\t\t\t\t\t\t\t\t\t\t\t\t\t\t<\/div>\n\t\t\t\t\t\t\t<div class=\"e-gallery-item elementor-gallery-item\">\n\t\t\t\t\t<div class=\"e-gallery-image elementor-gallery-item__image\" data-thumbnail=\"https:\/\/knit-kit.ch\/wp-content\/uploads\/2022\/11\/Mai-82-400x400.jpg\" data-width=\"400\" data-height=\"400\" aria-label=\"Junge Strickerin\" role=\"img\" ><\/div>\n\t\t\t\t\t\t\t\t\t\t\t\t\t\t<\/div>\n\t\t\t\t\t\t\t<div class=\"e-gallery-item elementor-gallery-item\">\n\t\t\t\t\t<div class=\"e-gallery-image elementor-gallery-item__image\" data-thumbnail=\"https:\/\/knit-kit.ch\/wp-content\/uploads\/2022\/11\/Strickproben_knitkit-400x300.jpeg\" data-width=\"400\" data-height=\"300\" aria-label=\"Stricktests\" role=\"img\" ><\/div>\n\t\t\t\t\t\t\t\t\t\t\t\t\t\t<\/div>\n\t\t\t\t\t\t\t<div class=\"e-gallery-item elementor-gallery-item\">\n\t\t\t\t\t<div class=\"e-gallery-image elementor-gallery-item__image\" data-thumbnail=\"https:\/\/knit-kit.ch\/wp-content\/uploads\/2022\/11\/Entwerfen-Strickanleitung-400x225.jpeg\" data-width=\"400\" data-height=\"225\" aria-label=\"Stricken Entwurf\" role=\"img\" ><\/div>\n\t\t\t\t\t\t\t\t\t\t\t\t\t\t<\/div>\n\t\t\t\t\t\t\t<div class=\"e-gallery-item elementor-gallery-item\">\n\t\t\t\t\t<div class=\"e-gallery-image elementor-gallery-item__image\" data-thumbnail=\"https:\/\/knit-kit.ch\/wp-content\/uploads\/2022\/11\/Aufribbeln_knitKit-400x224.jpeg\" data-width=\"400\" data-height=\"224\" aria-label=\"Aufribbeln\" role=\"img\" ><\/div>\n\t\t\t\t\t\t\t\t\t\t\t\t\t\t<\/div>\n\t\t\t\t\t<\/div>\n\t\t\t\t\t<\/div>\n\t\t\t\t<\/div>\n\t\t\t\t<div class=\"elementor-element elementor-element-dfb489b elementor-shape-rounded elementor-grid-0 e-grid-align-center elementor-widget elementor-widget-social-icons\" data-id=\"dfb489b\" data-element_type=\"widget\" data-e-type=\"widget\" data-widget_type=\"social-icons.default\">\n\t\t\t\t<div class=\"elementor-widget-container\">\n\t\t\t\t\t\t\t<div class=\"elementor-social-icons-wrapper elementor-grid\" role=\"list\">\n\t\t\t\t\t\t\t<span class=\"elementor-grid-item\" role=\"listitem\">\n\t\t\t\t\t<a class=\"elementor-icon elementor-social-icon elementor-social-icon-instagram elementor-repeater-item-3f4c7d9\" href=\"https:\/\/www.instagram.com\/knit_kit\/?hl=en\" target=\"_blank\" rel=\"noopener\">\n\t\t\t\t\t\t<span class=\"elementor-screen-only\">Instagram<\/span>\n\t\t\t\t\t\t<i aria-hidden=\"true\" class=\"fab fa-instagram\"><\/i>\t\t\t\t\t<\/a>\n\t\t\t\t<\/span>\n\t\t\t\t\t\t\t<span class=\"elementor-grid-item\" role=\"listitem\">\n\t\t\t\t\t<a class=\"elementor-icon elementor-social-icon elementor-social-icon-facebook elementor-repeater-item-4eab306\" href=\"https:\/\/www.facebook.com\/KnitKit\/\" target=\"_blank\" rel=\"noopener\">\n\t\t\t\t\t\t<span class=\"elementor-screen-only\">Facebook<\/span>\n\t\t\t\t\t\t<i aria-hidden=\"true\" class=\"fab fa-facebook\"><\/i>\t\t\t\t\t<\/a>\n\t\t\t\t<\/span>\n\t\t\t\t\t\t\t<span class=\"elementor-grid-item\" role=\"listitem\">\n\t\t\t\t\t<a class=\"elementor-icon elementor-social-icon elementor-social-icon-blogger elementor-repeater-item-be8f2fa\" href=\"https:\/\/knit-kit.blogspot.com\" target=\"_blank\" rel=\"noopener\">\n\t\t\t\t\t\t<span class=\"elementor-screen-only\">Blogger<\/span>\n\t\t\t\t\t\t<i aria-hidden=\"true\" class=\"fab fa-blogger\"><\/i>\t\t\t\t\t<\/a>\n\t\t\t\t<\/span>\n\t\t\t\t\t<\/div>\n\t\t\t\t\t\t<\/div>\n\t\t\t\t<\/div>\n\t\t\t\t\t<\/div>\n\t\t<\/div>\n\t\t\t\t\t<\/div>\n\t\t<\/section>\n\t\t\t\t<\/div>\n\t\t","protected":false},"excerpt":{"rendered":"<p>Home \/ Willkommen bei Knit Kit &#8217;s anleitungen Stricken \/ H\u00e4keln \/ N\u00e4hen \/ Selbermachen Hier gehts zum Shop Knit Kit wurde 2007 von Anne-Catherine L\u00fcke gegr\u00fcndet und ist ein schweizer Produkt. Sch\u00f6ne Strickanleitungen, H\u00e4kelanleitungen und N\u00e4hanleitungen f\u00fcr Anf\u00e4nger bis Fortgeschrittene. Die Anleitungen sind Schritt f\u00fcr Schritt, klar und logisch beschrieben. Ohne irgendwelche Abk\u00fcrzungen! Zus\u00e4tzlich [&hellip;]<\/p>\n","protected":false},"author":1,"featured_media":2573,"parent":0,"menu_order":0,"comment_status":"closed","ping_status":"closed","template":"","meta":{"footnotes":""},"class_list":["post-51","page","type-page","status-publish","has-post-thumbnail","hentry"],"_links":{"self":[{"href":"https:\/\/knit-kit.ch\/shop\/wp-json\/wp\/v2\/pages\/51","targetHints":{"allow":["GET"]}}],"collection":[{"href":"https:\/\/knit-kit.ch\/shop\/wp-json\/wp\/v2\/pages"}],"about":[{"href":"https:\/\/knit-kit.ch\/shop\/wp-json\/wp\/v2\/types\/page"}],"author":[{"embeddable":true,"href":"https:\/\/knit-kit.ch\/shop\/wp-json\/wp\/v2\/users\/1"}],"replies":[{"embeddable":true,"href":"https:\/\/knit-kit.ch\/shop\/wp-json\/wp\/v2\/comments?post=51"}],"version-history":[{"count":114,"href":"https:\/\/knit-kit.ch\/shop\/wp-json\/wp\/v2\/pages\/51\/revisions"}],"predecessor-version":[{"id":4708,"href":"https:\/\/knit-kit.ch\/shop\/wp-json\/wp\/v2\/pages\/51\/revisions\/4708"}],"wp:featuredmedia":[{"embeddable":true,"href":"https:\/\/knit-kit.ch\/shop\/wp-json\/wp\/v2\/media\/2573"}],"wp:attachment":[{"href":"https:\/\/knit-kit.ch\/shop\/wp-json\/wp\/v2\/media?parent=51"}],"curies":[{"name":"wp","href":"https:\/\/api.w.org\/{rel}","templated":true}]}}