{"id":156,"date":"2020-12-04T08:33:09","date_gmt":"2020-12-04T07:33:09","guid":{"rendered":"https:\/\/knit-kit.ch\/shop\/unkategorisiert\/produkt-9\/"},"modified":"2021-01-02T14:04:56","modified_gmt":"2021-01-02T13:04:56","slug":"armspange","status":"publish","type":"product","link":"https:\/\/knit-kit.ch\/shop\/armspange\/","title":{"rendered":"Armspange"},"content":{"rendered":"<p>Dieser feine Armreif oder Armspange hat einen Verschluss aus zwei 6 mm grossen Wollkn\u00e4ueln, die sich ineinander h\u00e4ngen.<\/p>\n<ul>\n<li>Der Armreif kann gut mit anderen Armb\u00e4ndern kombiniert getragen werden und passt zu den Wollkn\u00e4uel Ohrringen.<\/li>\n<li>Das Schmuckst\u00fcck hat einen Umfang von 17 cm. Bitte umbedingt das Handgelenk ausmessen.<\/li>\n<li>Der Reif ist aus 925 Silber. Bei Ros\u00e9gold (zartes Rosa) und Gelbgold wird das silberne Schmuckst\u00fcck 14 Karat vergoldet.<\/li>\n<li>Die Bilder zeigen eine vergr\u00f6sserte Ansicht! Je nach Bildschirmkalibrierung, k\u00f6nnen die Farben anders dargestellt werden.<\/li>\n<li>Bitte kontrolliere genau Deine Gr\u00f6sse. Das Armband kann nicht gek\u00fcrzt oder verl\u00e4ngert werden.<\/li>\n<li>Da die Schmuckst\u00fccke von Hand hergestellt werden, kann es leichte Unterschiede geben, welches die Qualit\u00e4t des Produktes nicht beeinflussen.<\/li>\n<\/ul>\n<p>&nbsp;<\/p>\n<p><em>Verschickt wird Eingeschrieben (Versichert) per schweizer Post. Du erh\u00e4ltst eine Trackingnummer.<\/em><\/p>\n<p><em>Z\u00f6lle und Einfuhrkosten sind nicht im Preis und k\u00f6nnen ausserhalb der Schweiz unterschiedlich anfallen.<\/em><\/p>\n<p><em>Bei einer Bestellung mehrerer Schmuckst\u00fccke: Bitte schreib mir eine Nachricht, damit ich das Porto am g\u00fcnstigsten berechnen kann.<\/em><\/p>\n<p>&nbsp;<\/p>\n<p>Fotomodel: Lisa M., scout-model.ch &#8212; Hair &amp; Makeup: Helen Rinderknecht, kopfsache.ch &#8212; Fotos: Sylvan M\u00fcller &#8212; Styling &amp; Handstrick: Anne-Catherine L\u00fcke, Knit-Kit.ch<\/p>\n","protected":false},"excerpt":{"rendered":"<p>Feine Armspange mit 2 Wollkn\u00e4ueln<\/p>\n","protected":false},"featured_media":1905,"template":"","meta":[],"product_brand":[],"product_cat":[154],"product_tag":[],"class_list":{"0":"post-156","1":"product","2":"type-product","3":"status-publish","4":"has-post-thumbnail","6":"product_cat-gestrickter-schmuck","7":"product_shipping_class-schmuck","8":"pa_silber-gelb-vergoldet","9":"pa_silber-rose-vergoldet","10":"pa_silber-silber","12":"first","13":"instock","14":"shipping-taxable","15":"purchasable","16":"product-type-variable","17":"add-to-wishlist-after_add_to_cart"},"_links":{"self":[{"href":"https:\/\/knit-kit.ch\/shop\/wp-json\/wp\/v2\/product\/156","targetHints":{"allow":["GET"]}}],"collection":[{"href":"https:\/\/knit-kit.ch\/shop\/wp-json\/wp\/v2\/product"}],"about":[{"href":"https:\/\/knit-kit.ch\/shop\/wp-json\/wp\/v2\/types\/product"}],"version-history":[{"count":0,"href":"https:\/\/knit-kit.ch\/shop\/wp-json\/wp\/v2\/product\/156\/revisions"}],"wp:featuredmedia":[{"embeddable":true,"href":"https:\/\/knit-kit.ch\/shop\/wp-json\/wp\/v2\/media\/1905"}],"wp:attachment":[{"href":"https:\/\/knit-kit.ch\/shop\/wp-json\/wp\/v2\/media?parent=156"}],"wp:term":[{"taxonomy":"product_brand","embeddable":true,"href":"https:\/\/knit-kit.ch\/shop\/wp-json\/wp\/v2\/product_brand?post=156"},{"taxonomy":"product_cat","embeddable":true,"href":"https:\/\/knit-kit.ch\/shop\/wp-json\/wp\/v2\/product_cat?post=156"},{"taxonomy":"product_tag","embeddable":true,"href":"https:\/\/knit-kit.ch\/shop\/wp-json\/wp\/v2\/product_tag?post=156"}],"curies":[{"name":"wp","href":"https:\/\/api.w.org\/{rel}","templated":true}]}}